{"id":3329,"date":"2025-05-10T09:51:53","date_gmt":"2025-05-10T09:51:53","guid":{"rendered":"https:\/\/hevosteel.com\/?page_id=3329"},"modified":"2025-05-18T12:33:08","modified_gmt":"2025-05-18T12:33:08","slug":"blog","status":"publish","type":"page","link":"https:\/\/hevosteel.com\/pt\/blog\/","title":{"rendered":"Blog"},"content":{"rendered":"<style>.kb-row-layout-id3329_4765be-80 > .kt-row-column-wrap{align-content:start;}:where(.kb-row-layout-id3329_4765be-80 > .kt-row-column-wrap) > .wp-block-kadence-column{justify-content:start;}.kb-row-layout-id3329_4765be-80 > .kt-row-column-wrap{column-gap:var(--global-kb-gap-md, 2rem);row-gap:var(--global-kb-gap-md, 2rem);padding-top:var(--global-kb-spacing-sm, 1.5rem);padding-bottom:var(--global-kb-spacing-sm, 1.5rem);grid-template-columns:minmax(0, 1fr);}.kb-row-layout-id3329_4765be-80 > .kt-row-layout-overlay{opacity:0.30;}@media all and (max-width: 1024px){.kb-row-layout-id3329_4765be-80 > .kt-row-column-wrap{grid-template-columns:minmax(0, 1fr);}}@media all and (max-width: 767px){.kb-row-layout-id3329_4765be-80 > .kt-row-column-wrap{grid-template-columns:minmax(0, 1fr);}}<\/style><div class=\"kb-row-layout-wrap kb-row-layout-id3329_4765be-80 alignnone wp-block-kadence-rowlayout\"><div class=\"kt-row-column-wrap kt-has-1-columns kt-row-layout-equal kt-tab-layout-inherit kt-mobile-layout-row kt-row-valign-top\">\n<style>.kadence-column3329_0f3ed6-7c > .kt-inside-inner-col,.kadence-column3329_0f3ed6-7c > .kt-inside-inner-col:before{border-top-left-radius:0px;border-top-right-radius:0px;border-bottom-right-radius:0px;border-bottom-left-radius:0px;}.kadence-column3329_0f3ed6-7c > .kt-inside-inner-col{column-gap:var(--global-kb-gap-sm, 1rem);}.kadence-column3329_0f3ed6-7c > .kt-inside-inner-col{flex-direction:column;}.kadence-column3329_0f3ed6-7c > .kt-inside-inner-col > .aligncenter{width:100%;}.kadence-column3329_0f3ed6-7c > .kt-inside-inner-col:before{opacity:0.3;}.kadence-column3329_0f3ed6-7c{position:relative;}@media all and (max-width: 1024px){.kadence-column3329_0f3ed6-7c > .kt-inside-inner-col{flex-direction:column;justify-content:center;}}@media all and (max-width: 767px){.kadence-column3329_0f3ed6-7c > .kt-inside-inner-col{flex-direction:column;justify-content:center;}}<\/style>\n<div class=\"wp-block-kadence-column kadence-column3329_0f3ed6-7c\"><div class=\"kt-inside-inner-col\"><style>.kt-post-loop3329_42f4a1-f3 .kadence-post-image{padding-top:0px;padding-right:0px;padding-bottom:0px;padding-left:0px;}.kt-post-loop3329_42f4a1-f3 .kt-post-grid-wrap{gap:30px 30px;}.kt-post-loop3329_42f4a1-f3 .kt-blocks-post-grid-item{border-top-left-radius:0px;border-top-right-radius:0px;border-bottom-right-radius:0px;border-bottom-left-radius:0px;overflow:hidden;}.kt-post-loop3329_42f4a1-f3 .kt-blocks-post-grid-item .kt-blocks-post-grid-item-inner{padding-top:15px;padding-right:25px;padding-bottom:25px;padding-left:25px;}.kt-post-loop3329_42f4a1-f3 .kt-blocks-post-grid-item header{padding-top:0px;padding-right:0px;padding-bottom:10px;padding-left:0px;margin-top:0px;margin-right:0px;margin-bottom:0px;margin-left:0px;}.kt-post-loop3329_42f4a1-f3 .kt-blocks-post-grid-item .entry-title{padding-top:10px;padding-right:0px;padding-bottom:5px;padding-left:0px;margin-top:0px;margin-right:0px;margin-bottom:0px;margin-left:0px;font-size:24px;line-height:30px;}.kt-post-loop3329_42f4a1-f3 .kt-blocks-post-grid-item .kt-blocks-post-top-meta{color:#777777;}.kt-post-loop3329_42f4a1-f3 .kt-blocks-post-grid-item .kt-blocks-post-top-meta a{color:#777777;}.kt-post-loop3329_42f4a1-f3 .kt-blocks-post-grid-item .kt-blocks-post-top-meta a:hover{color:#444444;}.kt-post-loop3329_42f4a1-f3 .entry-content{padding-top:0px;padding-right:0px;padding-bottom:0px;padding-left:0px;margin-top:0px;margin-right:0px;margin-bottom:0px;margin-left:0px;}.kt-post-loop3329_42f4a1-f3 .kt-blocks-post-footer{color:#777777;border-top-width:0px;border-right-width:0px;border-bottom-width:0px;border-left-width:0px;padding-top:0px;padding-right:0px;padding-bottom:0px;padding-left:0px;margin-top:0px;margin-right:0px;margin-bottom:0px;margin-left:0px;font-size:12px;line-height:20px;}.kt-post-loop3329_42f4a1-f3 .entry-content:after{height:0px;}.kt-post-loop3329_42f4a1-f3 .kt-blocks-post-footer a{color:#777777;}.kt-post-loop3329_42f4a1-f3 .kt-blocks-post-footer a:hover{color:#444444;}.kt-post-loop3329_42f4a1-f3 .entry-content .kt-blocks-post-readmore{background-color:#444444;border-color:#444444;color:#ffffff;padding-top:4px;padding-right:8px;padding-bottom:4px;padding-left:8px;margin-top:0px;margin-right:0px;margin-bottom:0px;margin-left:0px;}.kt-post-loop3329_42f4a1-f3 .entry-content .kt-blocks-post-readmore:hover{color:#ffffff;border-color:#555555;background-color:#555555;}.kt-post-loop3329_42f4a1-f3 .kb-filter-item{border-top-width:0px;border-right-width:0px;border-bottom-width:2px;border-left-width:0px;padding-top:5px;padding-right:8px;padding-bottom:5px;padding-left:8px;margin-top:0px;margin-right:10px;margin-bottom:0px;margin-left:0px;}<\/style><div class=\"wp-block-kadence-postgrid kt-blocks-post-loop-block alignnone kt-post-loop3329_42f4a1-f3 kt-post-grid-layout-grid\"><div class=\"kt-post-grid-layout-grid-wrap kt-post-grid-wrap\" data-columns-xxl=\"3\" data-columns-xl=\"3\" data-columns-md=\"3\" data-columns-sm=\"2\" data-columns-xs=\"1\" data-columns-ss=\"1\"data-item-selector=\".kt-post-masonry-item\" aria-label=\"Post Carousel\"><article class=\"kt-blocks-post-grid-item post-3804 post type-post status-publish format-standard has-post-thumbnail hentry category-blog\"><div class=\"kt-blocks-post-grid-item-inner-wrap kt-feat-image-align-top kt-feat-image-mobile-align-top\"><div class=\"kadence-post-image\"><div class=\"kadence-post-image-intrisic kt-image-ratio-66-67\" style=\"padding-bottom:66.67%;\"><div class=\"kadence-post-image-inner-intrisic\"><a aria-hidden=\"true\" tabindex=\"-1\" role=\"presentation\" href=\"https:\/\/hevosteel.com\/pt\/honed-tubes-vs-skived-roller-burnished-srb-tubes-which-is-best-for-your-hydraulic-cylinders\/\" aria-label=\"Honed Tubes vs. Skived &amp; Roller Burnished (SRB) Tubes: Which is Best for Your Hydraulic Cylinders?\" class=\"kadence-post-image-inner-wrap\"><img loading=\"lazy\" decoding=\"async\" width=\"960\" height=\"540\" src=\"https:\/\/hevosteel.com\/wp-content\/uploads\/2026\/01\/skived-and-roller-burnished-srb-hydraulic-cylinder-tube.webp\" class=\"attachment-large size-large wp-post-image\" alt=\"Internal surface finish of Skived and Roller Burnished (SRB) tube for hydraulic cylinders - Hevo Steel\" srcset=\"https:\/\/hevosteel.com\/wp-content\/uploads\/2026\/01\/skived-and-roller-burnished-srb-hydraulic-cylinder-tube.webp 960w, https:\/\/hevosteel.com\/wp-content\/uploads\/2026\/01\/skived-and-roller-burnished-srb-hydraulic-cylinder-tube-300x169.webp 300w, https:\/\/hevosteel.com\/wp-content\/uploads\/2026\/01\/skived-and-roller-burnished-srb-hydraulic-cylinder-tube-768x432.webp 768w, https:\/\/hevosteel.com\/wp-content\/uploads\/2026\/01\/skived-and-roller-burnished-srb-hydraulic-cylinder-tube-18x10.webp 18w\" sizes=\"auto, (max-width: 960px) 100vw, 960px\" \/><\/a><\/div><\/div><\/div><div class=\"kt-blocks-post-grid-item-inner\"><header><h2 class=\"entry-title\"><a href=\"https:\/\/hevosteel.com\/pt\/honed-tubes-vs-skived-roller-burnished-srb-tubes-which-is-best-for-your-hydraulic-cylinders\/\">Honed Tubes vs. Skived &amp; Roller Burnished (SRB) Tubes: Which is Best for Your Hydraulic Cylinders?<\/a><\/h2><div class=\"kt-blocks-post-top-meta\"><div class=\"kt-blocks-date\"><span class=\"kt-blocks-date-pretext\">Publicado em <\/span><time datetime=\"2026-01-03T06:04:39+00:00\" class=\"kt-blocks-post-date\">janeiro 3, 2026<\/time><\/div><\/div><\/header><div class=\"entry-content\">When selecting the right tube for hydraulic cylinder manufacturing, the choice between\u00a0honed tubes\u00a0and\u00a0skived &amp; roller burnished (SRB) tubes\u00a0is far more than a cosmetic decision. This selection directly impacts your equipment&#8217;s reliability, maintenance costs, and operational lifespan. While honed tubes have been the industry standard for decades, SRB tubes represent an&#8230;<div class=\"kt-blocks-post-readmore-wrap\"><a class=\"kt-blocks-post-readmore\" href=\"https:\/\/hevosteel.com\/pt\/honed-tubes-vs-skived-roller-burnished-srb-tubes-which-is-best-for-your-hydraulic-cylinders\/\">Read More<span class=\"screen-reader-text\"> Honed Tubes vs. Skived &amp; Roller Burnished (SRB) Tubes: Which is Best for Your Hydraulic Cylinders?<\/span><\/a><\/div><\/div><footer class=\"kt-blocks-post-footer\"><div class=\"kt-blocks-post-footer-left\"><\/div><div class=\"kt-blocks-post-footer-right\"><\/div><\/footer><\/div><\/div><\/article><article class=\"kt-blocks-post-grid-item post-3783 post type-post status-publish format-standard has-post-thumbnail hentry category-blog\"><div class=\"kt-blocks-post-grid-item-inner-wrap kt-feat-image-align-top kt-feat-image-mobile-align-top\"><div class=\"kadence-post-image\"><div class=\"kadence-post-image-intrisic kt-image-ratio-66-67\" style=\"padding-bottom:66.67%;\"><div class=\"kadence-post-image-inner-intrisic\"><a aria-hidden=\"true\" tabindex=\"-1\" role=\"presentation\" href=\"https:\/\/hevosteel.com\/pt\/hevo-steel-honed-tube-vs-skived-roller-burnished-st52-e355-q355-anti%e2%80%91rust-solutions\/\" aria-label=\"HEVO STEEL | Tubo amaciado vs. polido e polido com rolo | Solu\u00e7\u00f5es antiferrugem ST52\/E355\/Q355\" class=\"kadence-post-image-inner-wrap\"><img loading=\"lazy\" decoding=\"async\" width=\"1024\" height=\"768\" src=\"https:\/\/hevosteel.com\/wp-content\/uploads\/2025\/05\/honing.jpg\" class=\"attachment-large size-large wp-post-image\" alt=\"Brunimento de superf\u00edcies internas de tubos de a\u00e7o sem costura na HEVO STEEL\" srcset=\"https:\/\/hevosteel.com\/wp-content\/uploads\/2025\/05\/honing.jpg 1024w, https:\/\/hevosteel.com\/wp-content\/uploads\/2025\/05\/honing-300x225.jpg 300w, https:\/\/hevosteel.com\/wp-content\/uploads\/2025\/05\/honing-768x576.jpg 768w, https:\/\/hevosteel.com\/wp-content\/uploads\/2025\/05\/honing-16x12.jpg 16w\" sizes=\"auto, (max-width: 1024px) 100vw, 1024px\" \/><\/a><\/div><\/div><\/div><div class=\"kt-blocks-post-grid-item-inner\"><header><h2 class=\"entry-title\"><a href=\"https:\/\/hevosteel.com\/pt\/hevo-steel-honed-tube-vs-skived-roller-burnished-st52-e355-q355-anti%e2%80%91rust-solutions\/\">HEVO STEEL | Tubo amaciado vs. polido e polido com rolo | Solu\u00e7\u00f5es antiferrugem ST52\/E355\/Q355<\/a><\/h2><div class=\"kt-blocks-post-top-meta\"><div class=\"kt-blocks-date\"><span class=\"kt-blocks-date-pretext\">Publicado em <\/span><time datetime=\"2025-09-05T08:17:41+00:00\" class=\"kt-blocks-post-date\">5 de setembro de 2025<\/time><\/div><\/div><\/header><div class=\"entry-content\">A principal diferen\u00e7a \u00e9 o mecanismo de remo\u00e7\u00e3o e o rendimento - o Honed Tube usa corte abrasivo para corrigir a geometria e remover o material, enquanto o Skived &amp; Roller Burnished combina corte com trabalho a frio para proporcionar acabamentos mais finos e maior efici\u00eancia; a HEVO STEEL oferece uma estrat\u00e9gia antiferrugem completa, desde o pr\u00e9-tratamento at\u00e9 a embalagem e a manuten\u00e7\u00e3o em campo. Produtos A HEVO STEEL fornece cilindros hidr\u00e1ulicos...<div class=\"kt-blocks-post-readmore-wrap\"><a class=\"kt-blocks-post-readmore\" href=\"https:\/\/hevosteel.com\/pt\/hevo-steel-honed-tube-vs-skived-roller-burnished-st52-e355-q355-anti%e2%80%91rust-solutions\/\">Read More<span class=\"screen-reader-text\"> HEVO STEEL | Tubo amaciado vs. polido e polido com rolo | Solu\u00e7\u00f5es antiferrugem ST52\/E355\/Q355<\/span><\/a><\/div><\/div><footer class=\"kt-blocks-post-footer\"><div class=\"kt-blocks-post-footer-left\"><\/div><div class=\"kt-blocks-post-footer-right\"><\/div><\/footer><\/div><\/div><\/article><article class=\"kt-blocks-post-grid-item post-3777 post type-post status-publish format-standard has-post-thumbnail hentry category-blog\"><div class=\"kt-blocks-post-grid-item-inner-wrap kt-feat-image-align-top kt-feat-image-mobile-align-top\"><div class=\"kadence-post-image\"><div class=\"kadence-post-image-intrisic kt-image-ratio-66-67\" style=\"padding-bottom:66.67%;\"><div class=\"kadence-post-image-inner-intrisic\"><a aria-hidden=\"true\" tabindex=\"-1\" role=\"presentation\" href=\"https:\/\/hevosteel.com\/pt\/2025-trends-solid-shaft-with-keyway-in-garage-door-applications\/\" aria-label=\"Tend\u00eancias para 2025 - Eixo s\u00f3lido com chaveta em aplica\u00e7\u00f5es de porta de garagem\" class=\"kadence-post-image-inner-wrap\"><img loading=\"lazy\" decoding=\"async\" width=\"900\" height=\"675\" src=\"https:\/\/hevosteel.com\/wp-content\/uploads\/2025\/05\/SOLID-SHAFT-WITH-KEYWAY-1.jpg\" class=\"attachment-large size-large wp-post-image\" alt=\"Eixo de acionamento s\u00f3lido com um rasgo de chaveta usinado na HEVO STEEL\" srcset=\"https:\/\/hevosteel.com\/wp-content\/uploads\/2025\/05\/SOLID-SHAFT-WITH-KEYWAY-1.jpg 900w, https:\/\/hevosteel.com\/wp-content\/uploads\/2025\/05\/SOLID-SHAFT-WITH-KEYWAY-1-300x225.jpg 300w, https:\/\/hevosteel.com\/wp-content\/uploads\/2025\/05\/SOLID-SHAFT-WITH-KEYWAY-1-768x576.jpg 768w, https:\/\/hevosteel.com\/wp-content\/uploads\/2025\/05\/SOLID-SHAFT-WITH-KEYWAY-1-16x12.jpg 16w\" sizes=\"auto, (max-width: 900px) 100vw, 900px\" \/><\/a><\/div><\/div><\/div><div class=\"kt-blocks-post-grid-item-inner\"><header><h2 class=\"entry-title\"><a href=\"https:\/\/hevosteel.com\/pt\/2025-trends-solid-shaft-with-keyway-in-garage-door-applications\/\">Tend\u00eancias para 2025 - Eixo s\u00f3lido com chaveta em aplica\u00e7\u00f5es de porta de garagem<\/a><\/h2><div class=\"kt-blocks-post-top-meta\"><div class=\"kt-blocks-date\"><span class=\"kt-blocks-date-pretext\">Publicado em <\/span><time datetime=\"2025-08-15T08:56:25+00:00\" class=\"kt-blocks-post-date\">15 de agosto de 2025<\/time><\/div><\/div><\/header><div class=\"entry-content\">Em 2025, o setor de port\u00f5es de garagem est\u00e1 vendo uma mudan\u00e7a em dire\u00e7\u00e3o a materiais de alto desempenho e designs minimalistas e inteligentes. O eixo s\u00f3lido com chaveta se tornou um componente essencial, valorizado por sua resist\u00eancia, confiabilidade e alta compatibilidade com os modernos sistemas de portas de garagem.Dados de mercado e crescimentoO mercado global de portas de garagem e portas suspensas \u00e9...<div class=\"kt-blocks-post-readmore-wrap\"><a class=\"kt-blocks-post-readmore\" href=\"https:\/\/hevosteel.com\/pt\/2025-trends-solid-shaft-with-keyway-in-garage-door-applications\/\">Read More<span class=\"screen-reader-text\"> Tend\u00eancias para 2025 - Eixo s\u00f3lido com chaveta em aplica\u00e7\u00f5es de porta de garagem<\/span><\/a><\/div><\/div><footer class=\"kt-blocks-post-footer\"><div class=\"kt-blocks-post-footer-left\"><\/div><div class=\"kt-blocks-post-footer-right\"><\/div><\/footer><\/div><\/div><\/article><article class=\"kt-blocks-post-grid-item post-3495 post type-post status-publish format-standard has-post-thumbnail hentry category-blog\"><div class=\"kt-blocks-post-grid-item-inner-wrap kt-feat-image-align-top kt-feat-image-mobile-align-top\"><div class=\"kadence-post-image\"><div class=\"kadence-post-image-intrisic kt-image-ratio-66-67\" style=\"padding-bottom:66.67%;\"><div class=\"kadence-post-image-inner-intrisic\"><a aria-hidden=\"true\" tabindex=\"-1\" role=\"presentation\" href=\"https:\/\/hevosteel.com\/pt\/testing-post\/\" aria-label=\"Tend\u00eancias do setor de tubos corrugados para 2025 - Inova\u00e7\u00f5es da HEVO STEEL\" class=\"kadence-post-image-inner-wrap\"><img loading=\"lazy\" decoding=\"async\" width=\"1024\" height=\"768\" src=\"https:\/\/hevosteel.com\/wp-content\/uploads\/2025\/05\/Honed-Tube-SRB-Tube.jpg\" class=\"attachment-large size-large wp-post-image\" alt=\"Tubo afiado para fabrica\u00e7\u00e3o de cilindros hidr\u00e1ulicos pela HEVO STEEL\" srcset=\"https:\/\/hevosteel.com\/wp-content\/uploads\/2025\/05\/Honed-Tube-SRB-Tube.jpg 1024w, https:\/\/hevosteel.com\/wp-content\/uploads\/2025\/05\/Honed-Tube-SRB-Tube-300x225.jpg 300w, https:\/\/hevosteel.com\/wp-content\/uploads\/2025\/05\/Honed-Tube-SRB-Tube-768x576.jpg 768w, https:\/\/hevosteel.com\/wp-content\/uploads\/2025\/05\/Honed-Tube-SRB-Tube-16x12.jpg 16w\" sizes=\"auto, (max-width: 1024px) 100vw, 1024px\" \/><\/a><\/div><\/div><\/div><div class=\"kt-blocks-post-grid-item-inner\"><header><h2 class=\"entry-title\"><a href=\"https:\/\/hevosteel.com\/pt\/testing-post\/\">Tend\u00eancias do setor de tubos corrugados para 2025 - Inova\u00e7\u00f5es da HEVO STEEL<\/a><\/h2><div class=\"kt-blocks-post-top-meta\"><div class=\"kt-blocks-date\"><span class=\"kt-blocks-date-pretext\">Publicado em <\/span><time datetime=\"2025-05-15T06:34:58+00:00\" class=\"kt-blocks-post-date\">15 de maio de 2025<\/time><\/div><\/div><\/header><div class=\"entry-content\">Inova\u00e7\u00f5es da HEVO STEEL Evoluindo a Excel\u00eancia: Forjando o sucesso por meio da inova\u00e7\u00e3o orientada para o cliente Em 2025, o mercado de tubos afiados est\u00e1 testemunhando uma r\u00e1pida expans\u00e3o gra\u00e7as ao cont\u00ednuo impulso global para automa\u00e7\u00e3o industrial e atualiza\u00e7\u00f5es tecnol\u00f3gicas. Como um componente indispens\u00e1vel em sistemas hidr\u00e1ulicos e pneum\u00e1ticos, maquin\u00e1rio de engenharia, setores automotivo e aeroespacial, a demanda por...<div class=\"kt-blocks-post-readmore-wrap\"><a class=\"kt-blocks-post-readmore\" href=\"https:\/\/hevosteel.com\/pt\/testing-post\/\">Read More<span class=\"screen-reader-text\"> Tend\u00eancias do setor de tubos corrugados para 2025 - Inova\u00e7\u00f5es da HEVO STEEL<\/span><\/a><\/div><\/div><footer class=\"kt-blocks-post-footer\"><div class=\"kt-blocks-post-footer-left\"><\/div><div class=\"kt-blocks-post-footer-right\"><\/div><\/footer><\/div><\/div><\/article><\/div><\/div><!-- .wp-block-kadence-postgrid --><\/div><\/div>\n\n<\/div><\/div>","protected":false},"excerpt":{"rendered":"","protected":false},"author":1,"featured_media":0,"parent":0,"menu_order":0,"comment_status":"closed","ping_status":"closed","template":"","meta":{"_kad_blocks_custom_css":"","_kad_blocks_head_custom_js":"","_kad_blocks_body_custom_js":"","_kad_blocks_footer_custom_js":"","_price":"","_stock":"","_tribe_ticket_header":"","_tribe_default_ticket_provider":"","_tribe_ticket_capacity":"0","_ticket_start_date":"","_ticket_end_date":"","_tribe_ticket_show_description":"","_tribe_ticket_show_not_going":false,"_tribe_ticket_use_global_stock":"","_tribe_ticket_global_stock_level":"","_global_stock_mode":"","_global_stock_cap":"","_tribe_rsvp_for_event":"","_tribe_ticket_going_count":"","_tribe_ticket_not_going_count":"","_tribe_tickets_list":"[]","_tribe_ticket_has_attendee_info_fields":false,"_kadence_starter_templates_imported_post":false,"_kad_post_transparent":"","_kad_post_title":"","_kad_post_layout":"normal","_kad_post_sidebar_id":"","_kad_post_content_style":"unboxed","_kad_post_vertical_padding":"","_kad_post_feature":"","_kad_post_feature_position":"","_kad_post_header":false,"_kad_post_footer":false,"_kad_post_classname":"","footnotes":"","_tec_slr_enabled":"","_tec_slr_layout":""},"class_list":["post-3329","page","type-page","status-publish","hentry"],"taxonomy_info":[],"featured_image_src_large":false,"author_info":{"display_name":"ihevo.feng@outlook.com","author_link":"https:\/\/hevosteel.com\/pt\/author\/ihevo-fengoutlook-com\/"},"comment_info":0,"ticketed":false,"_links":{"self":[{"href":"https:\/\/hevosteel.com\/pt\/wp-json\/wp\/v2\/pages\/3329","targetHints":{"allow":["GET"]}}],"collection":[{"href":"https:\/\/hevosteel.com\/pt\/wp-json\/wp\/v2\/pages"}],"about":[{"href":"https:\/\/hevosteel.com\/pt\/wp-json\/wp\/v2\/types\/page"}],"author":[{"embeddable":true,"href":"https:\/\/hevosteel.com\/pt\/wp-json\/wp\/v2\/users\/1"}],"replies":[{"embeddable":true,"href":"https:\/\/hevosteel.com\/pt\/wp-json\/wp\/v2\/comments?post=3329"}],"version-history":[{"count":19,"href":"https:\/\/hevosteel.com\/pt\/wp-json\/wp\/v2\/pages\/3329\/revisions"}],"predecessor-version":[{"id":3555,"href":"https:\/\/hevosteel.com\/pt\/wp-json\/wp\/v2\/pages\/3329\/revisions\/3555"}],"wp:attachment":[{"href":"https:\/\/hevosteel.com\/pt\/wp-json\/wp\/v2\/media?parent=3329"}],"curies":[{"name":"wp","href":"https:\/\/api.w.org\/{rel}","templated":true}]}}