{"id":3329,"date":"2025-05-10T09:51:53","date_gmt":"2025-05-10T09:51:53","guid":{"rendered":"https:\/\/hevosteel.com\/?page_id=3329"},"modified":"2025-05-18T12:33:08","modified_gmt":"2025-05-18T12:33:08","slug":"blog","status":"publish","type":"page","link":"https:\/\/hevosteel.com\/tr\/blog\/","title":{"rendered":"Blog"},"content":{"rendered":"<style>.kb-row-layout-id3329_4765be-80 > .kt-row-column-wrap{align-content:start;}:where(.kb-row-layout-id3329_4765be-80 > .kt-row-column-wrap) > .wp-block-kadence-column{justify-content:start;}.kb-row-layout-id3329_4765be-80 > .kt-row-column-wrap{column-gap:var(--global-kb-gap-md, 2rem);row-gap:var(--global-kb-gap-md, 2rem);padding-top:var(--global-kb-spacing-sm, 1.5rem);padding-bottom:var(--global-kb-spacing-sm, 1.5rem);grid-template-columns:minmax(0, 1fr);}.kb-row-layout-id3329_4765be-80 > .kt-row-layout-overlay{opacity:0.30;}@media all and (max-width: 1024px){.kb-row-layout-id3329_4765be-80 > .kt-row-column-wrap{grid-template-columns:minmax(0, 1fr);}}@media all and (max-width: 767px){.kb-row-layout-id3329_4765be-80 > .kt-row-column-wrap{grid-template-columns:minmax(0, 1fr);}}<\/style><div class=\"kb-row-layout-wrap kb-row-layout-id3329_4765be-80 alignnone wp-block-kadence-rowlayout\"><div class=\"kt-row-column-wrap kt-has-1-columns kt-row-layout-equal kt-tab-layout-inherit kt-mobile-layout-row kt-row-valign-top\">\n<style>.kadence-column3329_0f3ed6-7c > .kt-inside-inner-col,.kadence-column3329_0f3ed6-7c > .kt-inside-inner-col:before{border-top-left-radius:0px;border-top-right-radius:0px;border-bottom-right-radius:0px;border-bottom-left-radius:0px;}.kadence-column3329_0f3ed6-7c > .kt-inside-inner-col{column-gap:var(--global-kb-gap-sm, 1rem);}.kadence-column3329_0f3ed6-7c > .kt-inside-inner-col{flex-direction:column;}.kadence-column3329_0f3ed6-7c > .kt-inside-inner-col > .aligncenter{width:100%;}.kadence-column3329_0f3ed6-7c > .kt-inside-inner-col:before{opacity:0.3;}.kadence-column3329_0f3ed6-7c{position:relative;}@media all and (max-width: 1024px){.kadence-column3329_0f3ed6-7c > .kt-inside-inner-col{flex-direction:column;justify-content:center;}}@media all and (max-width: 767px){.kadence-column3329_0f3ed6-7c > .kt-inside-inner-col{flex-direction:column;justify-content:center;}}<\/style>\n<div class=\"wp-block-kadence-column kadence-column3329_0f3ed6-7c\"><div class=\"kt-inside-inner-col\"><style>.kt-post-loop3329_42f4a1-f3 .kadence-post-image{padding-top:0px;padding-right:0px;padding-bottom:0px;padding-left:0px;}.kt-post-loop3329_42f4a1-f3 .kt-post-grid-wrap{gap:30px 30px;}.kt-post-loop3329_42f4a1-f3 .kt-blocks-post-grid-item{border-top-left-radius:0px;border-top-right-radius:0px;border-bottom-right-radius:0px;border-bottom-left-radius:0px;overflow:hidden;}.kt-post-loop3329_42f4a1-f3 .kt-blocks-post-grid-item .kt-blocks-post-grid-item-inner{padding-top:15px;padding-right:25px;padding-bottom:25px;padding-left:25px;}.kt-post-loop3329_42f4a1-f3 .kt-blocks-post-grid-item header{padding-top:0px;padding-right:0px;padding-bottom:10px;padding-left:0px;margin-top:0px;margin-right:0px;margin-bottom:0px;margin-left:0px;}.kt-post-loop3329_42f4a1-f3 .kt-blocks-post-grid-item .entry-title{padding-top:10px;padding-right:0px;padding-bottom:5px;padding-left:0px;margin-top:0px;margin-right:0px;margin-bottom:0px;margin-left:0px;font-size:24px;line-height:30px;}.kt-post-loop3329_42f4a1-f3 .kt-blocks-post-grid-item .kt-blocks-post-top-meta{color:#777777;}.kt-post-loop3329_42f4a1-f3 .kt-blocks-post-grid-item .kt-blocks-post-top-meta a{color:#777777;}.kt-post-loop3329_42f4a1-f3 .kt-blocks-post-grid-item .kt-blocks-post-top-meta a:hover{color:#444444;}.kt-post-loop3329_42f4a1-f3 .entry-content{padding-top:0px;padding-right:0px;padding-bottom:0px;padding-left:0px;margin-top:0px;margin-right:0px;margin-bottom:0px;margin-left:0px;}.kt-post-loop3329_42f4a1-f3 .kt-blocks-post-footer{color:#777777;border-top-width:0px;border-right-width:0px;border-bottom-width:0px;border-left-width:0px;padding-top:0px;padding-right:0px;padding-bottom:0px;padding-left:0px;margin-top:0px;margin-right:0px;margin-bottom:0px;margin-left:0px;font-size:12px;line-height:20px;}.kt-post-loop3329_42f4a1-f3 .entry-content:after{height:0px;}.kt-post-loop3329_42f4a1-f3 .kt-blocks-post-footer a{color:#777777;}.kt-post-loop3329_42f4a1-f3 .kt-blocks-post-footer a:hover{color:#444444;}.kt-post-loop3329_42f4a1-f3 .entry-content .kt-blocks-post-readmore{background-color:#444444;border-color:#444444;color:#ffffff;padding-top:4px;padding-right:8px;padding-bottom:4px;padding-left:8px;margin-top:0px;margin-right:0px;margin-bottom:0px;margin-left:0px;}.kt-post-loop3329_42f4a1-f3 .entry-content .kt-blocks-post-readmore:hover{color:#ffffff;border-color:#555555;background-color:#555555;}.kt-post-loop3329_42f4a1-f3 .kb-filter-item{border-top-width:0px;border-right-width:0px;border-bottom-width:2px;border-left-width:0px;padding-top:5px;padding-right:8px;padding-bottom:5px;padding-left:8px;margin-top:0px;margin-right:10px;margin-bottom:0px;margin-left:0px;}<\/style><div class=\"wp-block-kadence-postgrid kt-blocks-post-loop-block alignnone kt-post-loop3329_42f4a1-f3 kt-post-grid-layout-grid\"><div class=\"kt-post-grid-layout-grid-wrap kt-post-grid-wrap\" data-columns-xxl=\"3\" data-columns-xl=\"3\" data-columns-md=\"3\" data-columns-sm=\"2\" data-columns-xs=\"1\" data-columns-ss=\"1\"data-item-selector=\".kt-post-masonry-item\" aria-label=\"Post Carousel\"><article class=\"kt-blocks-post-grid-item post-3804 post type-post status-publish format-standard has-post-thumbnail hentry category-blog\"><div class=\"kt-blocks-post-grid-item-inner-wrap kt-feat-image-align-top kt-feat-image-mobile-align-top\"><div class=\"kadence-post-image\"><div class=\"kadence-post-image-intrisic kt-image-ratio-66-67\" style=\"padding-bottom:66.67%;\"><div class=\"kadence-post-image-inner-intrisic\"><a aria-hidden=\"true\" tabindex=\"-1\" role=\"presentation\" href=\"https:\/\/hevosteel.com\/tr\/honed-tubes-vs-skived-roller-burnished-srb-tubes-which-is-best-for-your-hydraulic-cylinders\/\" aria-label=\"Honed Tubes vs. Skived &amp; Roller Burnished (SRB) Tubes: Which is Best for Your Hydraulic Cylinders?\" class=\"kadence-post-image-inner-wrap\"><img loading=\"lazy\" decoding=\"async\" width=\"960\" height=\"540\" src=\"https:\/\/hevosteel.com\/wp-content\/uploads\/2026\/01\/skived-and-roller-burnished-srb-hydraulic-cylinder-tube.webp\" class=\"attachment-large size-large wp-post-image\" alt=\"Internal surface finish of Skived and Roller Burnished (SRB) tube for hydraulic cylinders - Hevo Steel\" srcset=\"https:\/\/hevosteel.com\/wp-content\/uploads\/2026\/01\/skived-and-roller-burnished-srb-hydraulic-cylinder-tube.webp 960w, https:\/\/hevosteel.com\/wp-content\/uploads\/2026\/01\/skived-and-roller-burnished-srb-hydraulic-cylinder-tube-300x169.webp 300w, https:\/\/hevosteel.com\/wp-content\/uploads\/2026\/01\/skived-and-roller-burnished-srb-hydraulic-cylinder-tube-768x432.webp 768w, https:\/\/hevosteel.com\/wp-content\/uploads\/2026\/01\/skived-and-roller-burnished-srb-hydraulic-cylinder-tube-18x10.webp 18w\" sizes=\"auto, (max-width: 960px) 100vw, 960px\" \/><\/a><\/div><\/div><\/div><div class=\"kt-blocks-post-grid-item-inner\"><header><h2 class=\"entry-title\"><a href=\"https:\/\/hevosteel.com\/tr\/honed-tubes-vs-skived-roller-burnished-srb-tubes-which-is-best-for-your-hydraulic-cylinders\/\">Honed Tubes vs. Skived &amp; Roller Burnished (SRB) Tubes: Which is Best for Your Hydraulic Cylinders?<\/a><\/h2><div class=\"kt-blocks-post-top-meta\"><div class=\"kt-blocks-date\"><span class=\"kt-blocks-date-pretext\">G\u00f6nderildi <\/span><time datetime=\"2026-01-03T06:04:39+00:00\" class=\"kt-blocks-post-date\">Ocak 3, 2026<\/time><\/div><\/div><\/header><div class=\"entry-content\">When selecting the right tube for hydraulic cylinder manufacturing, the choice between\u00a0honed tubes\u00a0and\u00a0skived &amp; roller burnished (SRB) tubes\u00a0is far more than a cosmetic decision. This selection directly impacts your equipment&#8217;s reliability, maintenance costs, and operational lifespan. While honed tubes have been the industry standard for decades, SRB tubes represent an&#8230;<div class=\"kt-blocks-post-readmore-wrap\"><a class=\"kt-blocks-post-readmore\" href=\"https:\/\/hevosteel.com\/tr\/honed-tubes-vs-skived-roller-burnished-srb-tubes-which-is-best-for-your-hydraulic-cylinders\/\">Read More<span class=\"screen-reader-text\"> Honed Tubes vs. Skived &amp; Roller Burnished (SRB) Tubes: Which is Best for Your Hydraulic Cylinders?<\/span><\/a><\/div><\/div><footer class=\"kt-blocks-post-footer\"><div class=\"kt-blocks-post-footer-left\"><\/div><div class=\"kt-blocks-post-footer-right\"><\/div><\/footer><\/div><\/div><\/article><article class=\"kt-blocks-post-grid-item post-3783 post type-post status-publish format-standard has-post-thumbnail hentry category-blog\"><div class=\"kt-blocks-post-grid-item-inner-wrap kt-feat-image-align-top kt-feat-image-mobile-align-top\"><div class=\"kadence-post-image\"><div class=\"kadence-post-image-intrisic kt-image-ratio-66-67\" style=\"padding-bottom:66.67%;\"><div class=\"kadence-post-image-inner-intrisic\"><a aria-hidden=\"true\" tabindex=\"-1\" role=\"presentation\" href=\"https:\/\/hevosteel.com\/tr\/hevo-steel-honed-tube-vs-skived-roller-burnished-st52-e355-q355-anti%e2%80%91rust-solutions\/\" aria-label=\"HEVO STEEL | Honlanm\u0131\u015f Boru vs S\u0131yr\u0131lm\u0131\u015f ve Silindir Perdahl\u0131 | ST52\/E355\/Q355 Pas \u00d6nleyici \u00c7\u00f6z\u00fcmler\" class=\"kadence-post-image-inner-wrap\"><img loading=\"lazy\" decoding=\"async\" width=\"1024\" height=\"768\" src=\"https:\/\/hevosteel.com\/wp-content\/uploads\/2025\/05\/honing.jpg\" class=\"attachment-large size-large wp-post-image\" alt=\"HEVO STEEL&#039;de diki\u015fsiz \u00e7elik boru i\u00e7 y\u00fczeylerinin honlanmas\u0131\" srcset=\"https:\/\/hevosteel.com\/wp-content\/uploads\/2025\/05\/honing.jpg 1024w, https:\/\/hevosteel.com\/wp-content\/uploads\/2025\/05\/honing-300x225.jpg 300w, https:\/\/hevosteel.com\/wp-content\/uploads\/2025\/05\/honing-768x576.jpg 768w, https:\/\/hevosteel.com\/wp-content\/uploads\/2025\/05\/honing-16x12.jpg 16w\" sizes=\"auto, (max-width: 1024px) 100vw, 1024px\" \/><\/a><\/div><\/div><\/div><div class=\"kt-blocks-post-grid-item-inner\"><header><h2 class=\"entry-title\"><a href=\"https:\/\/hevosteel.com\/tr\/hevo-steel-honed-tube-vs-skived-roller-burnished-st52-e355-q355-anti%e2%80%91rust-solutions\/\">HEVO STEEL | Honlanm\u0131\u015f Boru vs S\u0131yr\u0131lm\u0131\u015f ve Silindir Perdahl\u0131 | ST52\/E355\/Q355 Pas \u00d6nleyici \u00c7\u00f6z\u00fcmler<\/a><\/h2><div class=\"kt-blocks-post-top-meta\"><div class=\"kt-blocks-date\"><span class=\"kt-blocks-date-pretext\">G\u00f6nderildi <\/span><time datetime=\"2025-09-05T08:17:41+00:00\" class=\"kt-blocks-post-date\">Eyl\u00fcl 5, 2025<\/time><\/div><\/div><\/header><div class=\"entry-content\">En \u00f6nemli fark kald\u0131rma mekanizmas\u0131 ve verimdir - Honlanm\u0131\u015f Boru, geometriyi d\u00fczeltmek ve malzemeyi kald\u0131rmak i\u00e7in a\u015f\u0131nd\u0131r\u0131c\u0131 kesim kullan\u0131rken, Skived &amp; Roller Burnished daha ince y\u00fczeyler ve daha y\u00fcksek verimlilik sa\u011flamak i\u00e7in kesimi so\u011fuk i\u015fle birle\u015ftirir; HEVO STEEL, \u00f6n i\u015flemden paketleme ve saha bak\u0131m\u0131na kadar eksiksiz bir pas \u00f6nleme stratejisi sa\u011flar. \u00dcr\u00fcnler HEVO STEEL hidrolik silindir tedarik etmektedir...<div class=\"kt-blocks-post-readmore-wrap\"><a class=\"kt-blocks-post-readmore\" href=\"https:\/\/hevosteel.com\/tr\/hevo-steel-honed-tube-vs-skived-roller-burnished-st52-e355-q355-anti%e2%80%91rust-solutions\/\">Read More<span class=\"screen-reader-text\"> HEVO STEEL | Honlanm\u0131\u015f Boru vs S\u0131yr\u0131lm\u0131\u015f ve Silindir Perdahl\u0131 | ST52\/E355\/Q355 Pas \u00d6nleyici \u00c7\u00f6z\u00fcmler<\/span><\/a><\/div><\/div><footer class=\"kt-blocks-post-footer\"><div class=\"kt-blocks-post-footer-left\"><\/div><div class=\"kt-blocks-post-footer-right\"><\/div><\/footer><\/div><\/div><\/article><article class=\"kt-blocks-post-grid-item post-3777 post type-post status-publish format-standard has-post-thumbnail hentry category-blog\"><div class=\"kt-blocks-post-grid-item-inner-wrap kt-feat-image-align-top kt-feat-image-mobile-align-top\"><div class=\"kadence-post-image\"><div class=\"kadence-post-image-intrisic kt-image-ratio-66-67\" style=\"padding-bottom:66.67%;\"><div class=\"kadence-post-image-inner-intrisic\"><a aria-hidden=\"true\" tabindex=\"-1\" role=\"presentation\" href=\"https:\/\/hevosteel.com\/tr\/2025-trends-solid-shaft-with-keyway-in-garage-door-applications\/\" aria-label=\"2025 Trendleri - Garaj Kap\u0131s\u0131 Uygulamalar\u0131nda Kama Yuval\u0131 Masif \u015eaft\" class=\"kadence-post-image-inner-wrap\"><img loading=\"lazy\" decoding=\"async\" width=\"900\" height=\"675\" src=\"https:\/\/hevosteel.com\/wp-content\/uploads\/2025\/05\/SOLID-SHAFT-WITH-KEYWAY-1.jpg\" class=\"attachment-large size-large wp-post-image\" alt=\"HEVO STEEL&#039;de i\u015flenmi\u015f kama yuvas\u0131na sahip yekpare tahrik mili\" srcset=\"https:\/\/hevosteel.com\/wp-content\/uploads\/2025\/05\/SOLID-SHAFT-WITH-KEYWAY-1.jpg 900w, https:\/\/hevosteel.com\/wp-content\/uploads\/2025\/05\/SOLID-SHAFT-WITH-KEYWAY-1-300x225.jpg 300w, https:\/\/hevosteel.com\/wp-content\/uploads\/2025\/05\/SOLID-SHAFT-WITH-KEYWAY-1-768x576.jpg 768w, https:\/\/hevosteel.com\/wp-content\/uploads\/2025\/05\/SOLID-SHAFT-WITH-KEYWAY-1-16x12.jpg 16w\" sizes=\"auto, (max-width: 900px) 100vw, 900px\" \/><\/a><\/div><\/div><\/div><div class=\"kt-blocks-post-grid-item-inner\"><header><h2 class=\"entry-title\"><a href=\"https:\/\/hevosteel.com\/tr\/2025-trends-solid-shaft-with-keyway-in-garage-door-applications\/\">2025 Trendleri - Garaj Kap\u0131s\u0131 Uygulamalar\u0131nda Kama Yuval\u0131 Masif \u015eaft<\/a><\/h2><div class=\"kt-blocks-post-top-meta\"><div class=\"kt-blocks-date\"><span class=\"kt-blocks-date-pretext\">G\u00f6nderildi <\/span><time datetime=\"2025-08-15T08:56:25+00:00\" class=\"kt-blocks-post-date\">A\u011fustos 15, 2025<\/time><\/div><\/div><\/header><div class=\"entry-content\">2025 y\u0131l\u0131nda garaj kap\u0131s\u0131 sekt\u00f6r\u00fcnde y\u00fcksek performansl\u0131 malzemelere ve minimalist, ak\u0131ll\u0131 tasar\u0131mlara do\u011fru bir kayma g\u00f6r\u00fclmektedir. Kama yuval\u0131 yekpare \u015faft, g\u00fcc\u00fc, g\u00fcvenilirli\u011fi ve modern garaj kap\u0131s\u0131 sistemleriyle y\u00fcksek uyumlulu\u011fu nedeniyle de\u011fer verilen kritik bir bile\u015fen haline gelmi\u015ftir.Pazar Verileri ve B\u00fcy\u00fcmeK\u00fcresel garaj ve tavan kap\u0131lar\u0131 pazar\u0131...<div class=\"kt-blocks-post-readmore-wrap\"><a class=\"kt-blocks-post-readmore\" href=\"https:\/\/hevosteel.com\/tr\/2025-trends-solid-shaft-with-keyway-in-garage-door-applications\/\">Read More<span class=\"screen-reader-text\"> 2025 Trendleri - Garaj Kap\u0131s\u0131 Uygulamalar\u0131nda Kama Yuval\u0131 Masif \u015eaft<\/span><\/a><\/div><\/div><footer class=\"kt-blocks-post-footer\"><div class=\"kt-blocks-post-footer-left\"><\/div><div class=\"kt-blocks-post-footer-right\"><\/div><\/footer><\/div><\/div><\/article><article class=\"kt-blocks-post-grid-item post-3495 post type-post status-publish format-standard has-post-thumbnail hentry category-blog\"><div class=\"kt-blocks-post-grid-item-inner-wrap kt-feat-image-align-top kt-feat-image-mobile-align-top\"><div class=\"kadence-post-image\"><div class=\"kadence-post-image-intrisic kt-image-ratio-66-67\" style=\"padding-bottom:66.67%;\"><div class=\"kadence-post-image-inner-intrisic\"><a aria-hidden=\"true\" tabindex=\"-1\" role=\"presentation\" href=\"https:\/\/hevosteel.com\/tr\/testing-post\/\" aria-label=\"2025 Honlanm\u0131\u015f Boru End\u00fcstrisi Trendleri-HEVO STEEL&#039;in Yenilikleri\" class=\"kadence-post-image-inner-wrap\"><img loading=\"lazy\" decoding=\"async\" width=\"1024\" height=\"768\" src=\"https:\/\/hevosteel.com\/wp-content\/uploads\/2025\/05\/Honed-Tube-SRB-Tube.jpg\" class=\"attachment-large size-large wp-post-image\" alt=\"HEVO STEEL taraf\u0131ndan hidrolik silindir \u00fcretimi i\u00e7in honlanm\u0131\u015f boru\" srcset=\"https:\/\/hevosteel.com\/wp-content\/uploads\/2025\/05\/Honed-Tube-SRB-Tube.jpg 1024w, https:\/\/hevosteel.com\/wp-content\/uploads\/2025\/05\/Honed-Tube-SRB-Tube-300x225.jpg 300w, https:\/\/hevosteel.com\/wp-content\/uploads\/2025\/05\/Honed-Tube-SRB-Tube-768x576.jpg 768w, https:\/\/hevosteel.com\/wp-content\/uploads\/2025\/05\/Honed-Tube-SRB-Tube-16x12.jpg 16w\" sizes=\"auto, (max-width: 1024px) 100vw, 1024px\" \/><\/a><\/div><\/div><\/div><div class=\"kt-blocks-post-grid-item-inner\"><header><h2 class=\"entry-title\"><a href=\"https:\/\/hevosteel.com\/tr\/testing-post\/\">2025 Honlanm\u0131\u015f Boru End\u00fcstrisi Trendleri-HEVO STEEL'in Yenilikleri<\/a><\/h2><div class=\"kt-blocks-post-top-meta\"><div class=\"kt-blocks-date\"><span class=\"kt-blocks-date-pretext\">G\u00f6nderildi <\/span><time datetime=\"2025-05-15T06:34:58+00:00\" class=\"kt-blocks-post-date\">15 May\u0131s 2025<\/time><\/div><\/div><\/header><div class=\"entry-content\">HEVO STEEL'in Yenilikleri M\u00fckemmelli\u011fi Geli\u015ftiriyor: M\u00fc\u015fteri Odakl\u0131 \u0130novasyonla Ba\u015far\u0131ya Ula\u015fma 2025 y\u0131l\u0131nda honlanm\u0131\u015f boru pazar\u0131, end\u00fcstriyel otomasyon ve teknolojik y\u00fckseltmeler i\u00e7in devam eden k\u00fcresel d\u00fcrt\u00fc sayesinde h\u0131zl\u0131 bir geni\u015flemeye tan\u0131k oluyor. Hidrolik ve pn\u00f6matik sistemlerde, m\u00fchendislik makinelerinde, otomotiv ve havac\u0131l\u0131k sekt\u00f6rlerinde vazge\u00e7ilmez bir bile\u015fen olarak...<div class=\"kt-blocks-post-readmore-wrap\"><a class=\"kt-blocks-post-readmore\" href=\"https:\/\/hevosteel.com\/tr\/testing-post\/\">Read More<span class=\"screen-reader-text\"> 2025 Honlanm\u0131\u015f Boru End\u00fcstrisi Trendleri-HEVO STEEL'in Yenilikleri<\/span><\/a><\/div><\/div><footer class=\"kt-blocks-post-footer\"><div class=\"kt-blocks-post-footer-left\"><\/div><div class=\"kt-blocks-post-footer-right\"><\/div><\/footer><\/div><\/div><\/article><\/div><\/div><!-- .wp-block-kadence-postgrid --><\/div><\/div>\n\n<\/div><\/div>","protected":false},"excerpt":{"rendered":"","protected":false},"author":1,"featured_media":0,"parent":0,"menu_order":0,"comment_status":"closed","ping_status":"closed","template":"","meta":{"_kad_blocks_custom_css":"","_kad_blocks_head_custom_js":"","_kad_blocks_body_custom_js":"","_kad_blocks_footer_custom_js":"","_price":"","_stock":"","_tribe_ticket_header":"","_tribe_default_ticket_provider":"","_tribe_ticket_capacity":"0","_ticket_start_date":"","_ticket_end_date":"","_tribe_ticket_show_description":"","_tribe_ticket_show_not_going":false,"_tribe_ticket_use_global_stock":"","_tribe_ticket_global_stock_level":"","_global_stock_mode":"","_global_stock_cap":"","_tribe_rsvp_for_event":"","_tribe_ticket_going_count":"","_tribe_ticket_not_going_count":"","_tribe_tickets_list":"[]","_tribe_ticket_has_attendee_info_fields":false,"_kadence_starter_templates_imported_post":false,"_kad_post_transparent":"","_kad_post_title":"","_kad_post_layout":"normal","_kad_post_sidebar_id":"","_kad_post_content_style":"unboxed","_kad_post_vertical_padding":"","_kad_post_feature":"","_kad_post_feature_position":"","_kad_post_header":false,"_kad_post_footer":false,"_kad_post_classname":"","footnotes":"","_tec_slr_enabled":"","_tec_slr_layout":""},"class_list":["post-3329","page","type-page","status-publish","hentry"],"taxonomy_info":[],"featured_image_src_large":false,"author_info":{"display_name":"ihevo.feng@outlook.com","author_link":"https:\/\/hevosteel.com\/tr\/author\/ihevo-fengoutlook-com\/"},"comment_info":0,"ticketed":false,"_links":{"self":[{"href":"https:\/\/hevosteel.com\/tr\/wp-json\/wp\/v2\/pages\/3329","targetHints":{"allow":["GET"]}}],"collection":[{"href":"https:\/\/hevosteel.com\/tr\/wp-json\/wp\/v2\/pages"}],"about":[{"href":"https:\/\/hevosteel.com\/tr\/wp-json\/wp\/v2\/types\/page"}],"author":[{"embeddable":true,"href":"https:\/\/hevosteel.com\/tr\/wp-json\/wp\/v2\/users\/1"}],"replies":[{"embeddable":true,"href":"https:\/\/hevosteel.com\/tr\/wp-json\/wp\/v2\/comments?post=3329"}],"version-history":[{"count":19,"href":"https:\/\/hevosteel.com\/tr\/wp-json\/wp\/v2\/pages\/3329\/revisions"}],"predecessor-version":[{"id":3555,"href":"https:\/\/hevosteel.com\/tr\/wp-json\/wp\/v2\/pages\/3329\/revisions\/3555"}],"wp:attachment":[{"href":"https:\/\/hevosteel.com\/tr\/wp-json\/wp\/v2\/media?parent=3329"}],"curies":[{"name":"wp","href":"https:\/\/api.w.org\/{rel}","templated":true}]}}